{"id":483,"date":"2021-10-31T15:07:42","date_gmt":"2021-10-31T19:07:42","guid":{"rendered":"http:\/\/localhost:8888\/kenny-u-pull\/accueil\/"},"modified":"2023-03-31T09:32:03","modified_gmt":"2023-03-31T13:32:03","slug":"accueil","status":"publish","type":"page","link":"https:\/\/aimtest-wp-service.aim-global.com\/fr\/","title":{"rendered":"Accueil"},"content":{"rendered":"","protected":false},"excerpt":{"rendered":"","protected":false},"author":183,"featured_media":0,"parent":0,"menu_order":0,"comment_status":"closed","ping_status":"closed","template":"views\/template-home.blade.php","meta":{"_acf_changed":false,"inline_featured_image":false,"footnotes":""},"class_list":["post-483","page","type-page","status-publish","hentry"],"acf":[],"yoast_head":"<!-- This site is optimized with the Yoast SEO plugin v26.3 - https:\/\/yoast.com\/wordpress\/plugins\/seo\/ -->\n<title>Vente de pi\u00e8ces usag\u00e9es et recyclage de vieux v\u00e9hicules | Kenny U-Pull<\/title>\n<meta name=\"description\" content=\"L\u2019id\u00e9e de recycler votre v\u00e9hicule vous pla\u00eet? Vous cherchez un v\u00e9hicule d\u2019occasion ou une pi\u00e8ce pour r\u00e9parer votre v\u00e9hicule actuel? Venez chez Kenny U-Pull!\" \/>\n<meta name=\"robots\" content=\"index, follow, max-snippet:-1, max-image-preview:large, max-video-preview:-1\" \/>\n<link rel=\"canonical\" href=\"https:\/\/aimdev-kennyu-pull-wp-test.azurewebsites.net\/\" \/>\n<meta property=\"og:locale\" content=\"fr_FR\" \/>\n<meta property=\"og:type\" content=\"article\" \/>\n<meta property=\"og:title\" content=\"Vente de pi\u00e8ces usag\u00e9es et recyclage de vieux v\u00e9hicules | Kenny U-Pull\" \/>\n<meta property=\"og:description\" content=\"L\u2019id\u00e9e de recycler votre v\u00e9hicule vous pla\u00eet? Vous cherchez un v\u00e9hicule d\u2019occasion ou une pi\u00e8ce pour r\u00e9parer votre v\u00e9hicule actuel? Venez chez Kenny U-Pull!\" \/>\n<meta property=\"og:url\" content=\"https:\/\/aimdev-kennyu-pull-wp-test.azurewebsites.net\/\" \/>\n<meta property=\"og:site_name\" content=\"Kenny U-Pull\" \/>\n<meta property=\"article:modified_time\" content=\"2023-03-31T13:32:03+00:00\" \/>\n<meta name=\"twitter:card\" content=\"summary_large_image\" \/>\n<script type=\"application\/ld+json\" class=\"yoast-schema-graph\">{\"@context\":\"https:\/\/schema.org\",\"@graph\":[{\"@type\":\"WebPage\",\"@id\":\"https:\/\/aimdev-kennyu-pull-wp-test.azurewebsites.net\/\",\"url\":\"https:\/\/aimdev-kennyu-pull-wp-test.azurewebsites.net\/\",\"name\":\"Vente de pi\u00e8ces usag\u00e9es et recyclage de vieux v\u00e9hicules | Kenny U-Pull\",\"isPartOf\":{\"@id\":\"https:\/\/aimtest-wp-service.aim-global.com\/#website\"},\"datePublished\":\"2021-10-31T19:07:42+00:00\",\"dateModified\":\"2023-03-31T13:32:03+00:00\",\"description\":\"L\u2019id\u00e9e de recycler votre v\u00e9hicule vous pla\u00eet? Vous cherchez un v\u00e9hicule d\u2019occasion ou une pi\u00e8ce pour r\u00e9parer votre v\u00e9hicule actuel? Venez chez Kenny U-Pull!\",\"inLanguage\":\"fr-FR\",\"potentialAction\":[{\"@type\":\"ReadAction\",\"target\":[\"https:\/\/aimdev-kennyu-pull-wp-test.azurewebsites.net\/\"]}]},{\"@type\":\"WebSite\",\"@id\":\"https:\/\/aimtest-wp-service.aim-global.com\/#website\",\"url\":\"https:\/\/aimtest-wp-service.aim-global.com\/\",\"name\":\"Kenny U-Pull\",\"description\":\"Just another WordPress site\",\"potentialAction\":[{\"@type\":\"SearchAction\",\"target\":{\"@type\":\"EntryPoint\",\"urlTemplate\":\"https:\/\/aimtest-wp-service.aim-global.com\/?s={search_term_string}\"},\"query-input\":{\"@type\":\"PropertyValueSpecification\",\"valueRequired\":true,\"valueName\":\"search_term_string\"}}],\"inLanguage\":\"fr-FR\"}]}<\/script>\n<!-- \/ Yoast SEO plugin. -->","yoast_head_json":{"title":"Vente de pi\u00e8ces usag\u00e9es et recyclage de vieux v\u00e9hicules | Kenny U-Pull","description":"L\u2019id\u00e9e de recycler votre v\u00e9hicule vous pla\u00eet? Vous cherchez un v\u00e9hicule d\u2019occasion ou une pi\u00e8ce pour r\u00e9parer votre v\u00e9hicule actuel? Venez chez Kenny U-Pull!","robots":{"index":"index","follow":"follow","max-snippet":"max-snippet:-1","max-image-preview":"max-image-preview:large","max-video-preview":"max-video-preview:-1"},"canonical":"https:\/\/aimdev-kennyu-pull-wp-test.azurewebsites.net\/","og_locale":"fr_FR","og_type":"article","og_title":"Vente de pi\u00e8ces usag\u00e9es et recyclage de vieux v\u00e9hicules | Kenny U-Pull","og_description":"L\u2019id\u00e9e de recycler votre v\u00e9hicule vous pla\u00eet? Vous cherchez un v\u00e9hicule d\u2019occasion ou une pi\u00e8ce pour r\u00e9parer votre v\u00e9hicule actuel? Venez chez Kenny U-Pull!","og_url":"https:\/\/aimdev-kennyu-pull-wp-test.azurewebsites.net\/","og_site_name":"Kenny U-Pull","article_modified_time":"2023-03-31T13:32:03+00:00","twitter_card":"summary_large_image","schema":{"@context":"https:\/\/schema.org","@graph":[{"@type":"WebPage","@id":"https:\/\/aimdev-kennyu-pull-wp-test.azurewebsites.net\/","url":"https:\/\/aimdev-kennyu-pull-wp-test.azurewebsites.net\/","name":"Vente de pi\u00e8ces usag\u00e9es et recyclage de vieux v\u00e9hicules | Kenny U-Pull","isPartOf":{"@id":"https:\/\/aimtest-wp-service.aim-global.com\/#website"},"datePublished":"2021-10-31T19:07:42+00:00","dateModified":"2023-03-31T13:32:03+00:00","description":"L\u2019id\u00e9e de recycler votre v\u00e9hicule vous pla\u00eet? Vous cherchez un v\u00e9hicule d\u2019occasion ou une pi\u00e8ce pour r\u00e9parer votre v\u00e9hicule actuel? Venez chez Kenny U-Pull!","inLanguage":"fr-FR","potentialAction":[{"@type":"ReadAction","target":["https:\/\/aimdev-kennyu-pull-wp-test.azurewebsites.net\/"]}]},{"@type":"WebSite","@id":"https:\/\/aimtest-wp-service.aim-global.com\/#website","url":"https:\/\/aimtest-wp-service.aim-global.com\/","name":"Kenny U-Pull","description":"Just another WordPress site","potentialAction":[{"@type":"SearchAction","target":{"@type":"EntryPoint","urlTemplate":"https:\/\/aimtest-wp-service.aim-global.com\/?s={search_term_string}"},"query-input":{"@type":"PropertyValueSpecification","valueRequired":true,"valueName":"search_term_string"}}],"inLanguage":"fr-FR"}]}},"_links":{"self":[{"href":"https:\/\/aimtest-wp-service.aim-global.com\/fr\/wp-json\/wp\/v2\/pages\/483","targetHints":{"allow":["GET"]}}],"collection":[{"href":"https:\/\/aimtest-wp-service.aim-global.com\/fr\/wp-json\/wp\/v2\/pages"}],"about":[{"href":"https:\/\/aimtest-wp-service.aim-global.com\/fr\/wp-json\/wp\/v2\/types\/page"}],"author":[{"embeddable":true,"href":"https:\/\/aimtest-wp-service.aim-global.com\/fr\/wp-json\/wp\/v2\/users\/183"}],"replies":[{"embeddable":true,"href":"https:\/\/aimtest-wp-service.aim-global.com\/fr\/wp-json\/wp\/v2\/comments?post=483"}],"version-history":[{"count":0,"href":"https:\/\/aimtest-wp-service.aim-global.com\/fr\/wp-json\/wp\/v2\/pages\/483\/revisions"}],"wp:attachment":[{"href":"https:\/\/aimtest-wp-service.aim-global.com\/fr\/wp-json\/wp\/v2\/media?parent=483"}],"curies":[{"name":"wp","href":"https:\/\/api.w.org\/{rel}","templated":true}]}}