{"id":41994,"date":"2022-02-02T10:35:39","date_gmt":"2022-02-02T15:35:39","guid":{"rendered":"http:\/\/dev.kennyupull.com\/?page_id=41994"},"modified":"2022-02-24T09:49:23","modified_gmt":"2022-02-24T14:49:23","slug":"politique-de-confidentialite","status":"publish","type":"page","link":"https:\/\/aimtest-wp-service.aim-global.com\/fr\/politique-de-confidentialite\/","title":{"rendered":"Politique de confidentialit\u00e9"},"content":{"rendered":"<div class=\"text-description\">\n    <div class=\"container\">\n    <div class=\"row\">\n    <div class=\"col-12\">\n        <div class=\"section-inner\">\n                            <h2 class=\"title\">Politique de protection des renseignements personnels<\/h2>\n            \n                            <div class=\"pn-wysiwyg\">\n\t<p><b>Date d\u2019entr\u00e9e en vigueur\u00a0: 15\u00a0f\u00e9vrier\u00a02022<\/b><\/p>\n<p><span style=\"font-weight: 400;\">La pr\u00e9sente politique de protection des renseignements personnels en ligne (la \u00ab\u00a0<\/span><b>politique<\/b><span style=\"font-weight: 400;\">\u00a0\u00bb) concerne American Iron\u00a0&amp;\u00a0Metal Company Inc. et ses soci\u00e9t\u00e9s affili\u00e9es, y compris, sans s\u2019y limiter, Kenny\u00a0U-Pull, Delsan\u00a0AIM et AIM\u00a0Solder (ci-apr\u00e8s d\u00e9sign\u00e9es collectivement \u00ab\u00a0<\/span><b>AIM<\/b><span style=\"font-weight: 400;\">\u00a0\u00bb ou \u00ab\u00a0<\/span><b>nous<\/b><span style=\"font-weight: 400;\">\u00a0\u00bb). Elle d\u00e9crit le type de renseignements que nous recueillons aupr\u00e8s de vous, la fa\u00e7on dont nous utilisons ces renseignements et les options dont vous disposez concernant l\u2019utilisation de vos renseignements personnels. Elle s\u2019applique uniquement aux renseignements recueillis par AIM au moyen de son site Web (comprenant l\u2019int\u00e9gralit\u00e9 des pages\u00a0Web du site, ci apr\u00e8s d\u00e9sign\u00e9 le \u00ab\u00a0<\/span><b>site Web<\/b><span style=\"font-weight: 400;\">\u00a0\u00bb), et non aux renseignements recueillis d\u2019une autre fa\u00e7on par AIM. Aux fins de la pr\u00e9sente politique, le terme \u00ab\u00a0<\/span><b>renseignements personnels<\/b><span style=\"font-weight: 400;\">\u00a0\u00bb d\u00e9signe les renseignements concernant une personne identifiable et comprend votre nom, votre adresse personnelle, votre num\u00e9ro de t\u00e9l\u00e9phone et votre adresse courriel.<\/span><\/p>\n<p><span style=\"font-weight: 400;\">En utilisant ce site Web, vous reconnaissez que vous avez lu et compris nos pratiques concernant la protection des renseignements personnels, d\u00e9crites plus en d\u00e9tail dans la pr\u00e9sente politique, et que vous y consentez. N\u2019utilisez pas le site Web si vous \u00eates en d\u00e9saccord avec les modalit\u00e9s de la pr\u00e9sente politique. Veuillez noter que votre utilisation du site Web est \u00e9galement assujettie aux conditions d\u2019utilisation, lesquelles sont aussi publi\u00e9es sur le site Web.<\/span><\/p>\n<p><b>Enfants \u00e2g\u00e9s de moins de 13\u00a0ans (\u00c9tats-Unis seulement)<\/b><\/p>\n<p><span style=\"font-weight: 400;\">AIM ne recueille pas sciemment de renseignements personnels aupr\u00e8s d\u2019enfants \u00e2g\u00e9s de moins de 13\u00a0ans. Les enfants ne sont pas autoris\u00e9s \u00e0 utiliser le site Web ou les services. Par cons\u00e9quent, AIM demande aux enfants \u00e2g\u00e9s de moins de 13\u00a0ans de ne soumettre aucun renseignement personnel \u00e0 AIM ou au site Web. Si nous apprenons que nous avons recueilli ou re\u00e7u des renseignements personnels d\u2019un enfant \u00e2g\u00e9 de moins de 13\u00a0ans, nous supprimerons ces renseignements. Puisque les renseignements concernant les enfants \u00e2g\u00e9s de moins de 13\u00a0ans ne sont pas d\u00e9lib\u00e9r\u00e9ment recueillis, AIM ne diffuse pas sciemment les renseignements personnels d\u2019enfants \u00e2g\u00e9s de moins de 13\u00a0ans.<\/span><\/p>\n<p><b>Renseignements recueillis par AIM<\/b><\/p>\n<p><span style=\"font-weight: 400;\">AIM recueille certains renseignements anonymes concernant l\u2019utilisation du site Web. Ces renseignements, seuls ou combin\u00e9s avec d\u2019autres donn\u00e9es, ne vous sont pas personnellement associ\u00e9s. Ils sont recueillis dans le but d\u2019\u00e9valuer la performance du site Web et pour nous aider \u00e0 cerner les fonctions et services les plus importants pour les visiteurs. Les renseignements anonymes recueillis par le site Web peuvent concerner, notamment, le type de navigateur que vous utilisez, les pages du site Web consult\u00e9es, votre adresse\u00a0IP et le temps pass\u00e9 sur le site.<\/span><\/p>\n<p><span style=\"font-weight: 400;\">Il se peut aussi que vous soyez invit\u00e9 \u00e0 fournir des renseignements personnels sur le site. Des renseignements personnels peuvent \u00eatre recueillis lorsque vous remplissez et envoyez des formulaires de commentaires, lorsque vous envoyez des courriels \u00e0 AIM, lorsque vous vous inscrivez \u00e0 notre liste d\u2019envoi pour recevoir nos communiqu\u00e9s de presse ou nos publications ou encore lorsque vous communiquez avec nous par l\u2019interm\u00e9diaire de notre page \u00ab\u00a0Contactez-nous\u00a0\u00bb. En fournissant vos renseignements personnels \u00e0 AIM, vous consentez \u00e0 leur collecte, \u00e0 leur utilisation et \u00e0 leur communication conform\u00e9ment \u00e0 la pr\u00e9sente politique. Les renseignements personnels sont seulement recueillis sur le site Web lorsque vous nous les soumettez volontairement.<\/span><\/p>\n<p><b>Utilisation et communication des renseignements<\/b><\/p>\n<p><span style=\"font-weight: 400;\">Les renseignements personnels que nous recueillons sur le site Web sont utilis\u00e9s pour les raisons suivantes\u00a0:<\/span><\/p>\n<ul>\n<li style=\"font-weight: 400;\" aria-level=\"1\"><span style=\"font-weight: 400;\">Traiter les demandes et vous informer de leur \u00e9tat<\/span><\/li>\n<li style=\"font-weight: 400;\" aria-level=\"1\"><span style=\"font-weight: 400;\">Vous transmettre des communiqu\u00e9s de presse et des publications par courriel ou par la poste<\/span><\/li>\n<li style=\"font-weight: 400;\" aria-level=\"1\"><span style=\"font-weight: 400;\">R\u00e9pondre \u00e0 vos demandes d\u2019information<\/span><\/li>\n<li style=\"font-weight: 400;\" aria-level=\"1\"><span style=\"font-weight: 400;\">Vous pr\u00e9senter des produits ou des offres sp\u00e9ciales susceptibles de vous int\u00e9resser<\/span><\/li>\n<li style=\"font-weight: 400;\" aria-level=\"1\"><span style=\"font-weight: 400;\">Appliquer les conditions d\u2019utilisation du site<\/span><\/li>\n<li style=\"font-weight: 400;\" aria-level=\"1\"><span style=\"font-weight: 400;\">Pr\u00e9venir les activit\u00e9s potentiellement interdites ou ill\u00e9gales<\/span><\/li>\n<\/ul>\n<p><span style=\"font-weight: 400;\">AIM peut utiliser ou communiquer \u00e0 des tiers des \u00ab\u00a0donn\u00e9es agr\u00e9g\u00e9es\u00a0\u00bb anonymes pour personnaliser votre exp\u00e9rience sur le site Web et aider AIM \u00e0 analyser l\u2019int\u00e9r\u00eat \u00e0 l\u2019\u00e9gard de sections du site Web et les habitudes de navigation de ses utilisateurs dans le but d\u2019am\u00e9liorer le contenu, le fonctionnement et la conception du site Web et d\u2019obtenir des donn\u00e9es visant \u00e0 am\u00e9liorer le site.<\/span><\/p>\n<p><span style=\"font-weight: 400;\">AIM ne vend, ne loue ni ne communique des renseignements personnels \u00e0 des tiers, sauf lorsque n\u00e9cessaire pour permettre auxdits tiers de fournir des services pour le compte d\u2019AIM. Il nous arrive \u00e0 l\u2019occasion de faire appel \u00e0 des tiers pour la prestation de services limit\u00e9s pour notre compte, comme l\u2019h\u00e9bergement du site Web, l\u2019administration de sondages, le traitement, l\u2019envoi et la livraison de commandes et la transmission de renseignements au sujet de nos produits et services. Ces tiers sont toutefois tenus de pr\u00e9server la confidentialit\u00e9 des renseignements personnels et ne sont pas autoris\u00e9s \u00e0 utiliser ceux-ci \u00e0 d\u2019autres fins que la prestation de ces services.<\/span><\/p>\n<p><span style=\"font-weight: 400;\">Nous pouvons en outre divulguer des renseignements personnels lorsque la loi l\u2019exige, par exemple dans les situations suivantes\u00a0:\u00a0<\/span><\/p>\n<ul>\n<li style=\"font-weight: 400;\" aria-level=\"1\"><span style=\"font-weight: 400;\">Donner suite \u00e0 une citation \u00e0 compara\u00eetre ou \u00e0 une ordonnance ou pour r\u00e9pondre \u00e0 la demande d\u2019un organisme d\u2019application de la loi ou du gouvernement.<\/span><\/li>\n<li style=\"font-weight: 400;\" aria-level=\"1\"><span style=\"font-weight: 400;\">Veiller au respect des politiques et des lois applicables r\u00e9gissant le site Web.<\/span><\/li>\n<li style=\"font-weight: 400;\" aria-level=\"1\"><span style=\"font-weight: 400;\">Emp\u00eacher l\u2019utilisation abusive ou non autoris\u00e9e du site Web.\u00a0<\/span><\/li>\n<\/ul>\n<p><span style=\"font-weight: 400;\">Nous nous r\u00e9servons le droit de communiquer, de c\u00e9der ou de transf\u00e9rer vos renseignements personnels \u00e0 nos soci\u00e9t\u00e9s affili\u00e9es ou \u00e0 un ayant cause de notre entreprise \u00e0 la suite d\u2019une fusion, de la vente d\u2019immobilisations ou d\u2019une restructuration, par effet de la loi ou autrement. Nous nous r\u00e9servons aussi le droit de communiquer des renseignements agr\u00e9g\u00e9s et anonymis\u00e9s \u00e0 des parties \u00e0 une \u00e9ventuelle vente ou fusion, \u00e0 des parties nous fournissant du financement et \u00e0 leurs conseillers respectifs.<\/span><\/p>\n<p><span style=\"font-weight: 400;\">En outre, si vous fournissez \u00e0 AIM du contenu destin\u00e9 \u00e0 \u00eatre publi\u00e9 ou des commentaires, nous pourrions publier votre nom d\u2019utilisateur, votre nom ou votre emplacement.<\/span><\/p>\n<p><b>Sites tiers<\/b><\/p>\n<p><span style=\"font-weight: 400;\">Veuillez noter que le site Web peut contenir des liens vers des sites de tiers. Les pratiques en mati\u00e8re de protection des renseignements personnels utilis\u00e9es par les sites li\u00e9s au site Web ne sont pas r\u00e9gies par la pr\u00e9sente politique et AIM n\u2019assume aucune responsabilit\u00e9 \u00e0 cet \u00e9gard. Si vous fournissez de l\u2019information \u00e0 de tels tiers, il est possible que les r\u00e8gles r\u00e9gissant la collecte et l\u2019utilisation de vos renseignements personnels soient diff\u00e9rentes. Nous vous recommandons de prendre connaissance des politiques de protection des renseignements personnels de ces tiers avant de leur fournir quelques donn\u00e9es que ce soit. Ces autres sites Web peuvent transmettre leurs propres t\u00e9moins ou pixels espions aux utilisateurs dans le but de recueillir des donn\u00e9es ou d\u2019obtenir des renseignements personnels.\u00a0<\/span><\/p>\n<p><span style=\"font-weight: 400;\">D\u2019autres entreprises qui publient des publicit\u00e9s sur le site Web peuvent \u00e9galement recueillir de l\u2019information \u00e0 votre sujet lorsque vous cliquez sur leur publicit\u00e9 ou que vous la visionnez par l\u2019interm\u00e9diaire de t\u00e9moins ou de pixels espions. Nous n\u2019exer\u00e7ons aucun contr\u00f4le sur cette fa\u00e7on de recueillir des renseignements. Vous devriez communiquer directement avec ces entit\u00e9s si vous avez des questions quant \u00e0 l\u2019utilisation des renseignements qu\u2019elles recueillent.<\/span><\/p>\n<p><b>T\u00e9moins, pixels espions et services d\u2019analyse<\/b><\/p>\n<p><span style=\"font-weight: 400;\">Les t\u00e9moins sont de petits fichiers de donn\u00e9es stock\u00e9s sur votre disque dur. Ils vous permettent d\u2019enregistrer votre mot de passe ou d\u2019autres renseignements d\u2019utilisateur pour vous \u00e9viter de toujours avoir \u00e0 les ressaisir. AIM et ses fournisseurs de services de marketing se servent de t\u00e9moins pour am\u00e9liorer votre exp\u00e9rience de navigation sur le site Web, reconna\u00eetre les utilisateurs fr\u00e9quents, faire le suivi des habitudes d\u2019utilisation et mieux servir les utilisateurs lors de leurs prochaines visites sur le site. Les t\u00e9moins peuvent \u00eatre d\u00e9sactiv\u00e9s \u00e0 partir de votre navigateur. Pour savoir comment, consultez la documentation de votre navigateur. Veuillez noter qu\u2019il se peut que certaines sections du site Web ne fonctionnent pas correctement si vous bloquez les t\u00e9moins.<\/span><\/p>\n<p><span style=\"font-weight: 400;\">Certaines pages du site Web peuvent contenir des pixels espions et des t\u00e9moins. Un pixel espion est une technique utilis\u00e9e pour surveiller l\u2019activit\u00e9 des utilisateurs sur les pages Web \u00e0 des fins d\u2019analyse.<\/span><\/p>\n<p><span style=\"font-weight: 400;\">AIM peut p\u00e9riodiquement utiliser des plateformes ou des services d\u2019analyses tels que Google\u00a0Analytics conjointement avec les t\u00e9moins ou les pixels espions, par exemple pour afficher des publicit\u00e9s susceptibles de vous int\u00e9resser sur le site Web et sur d\u2019autres sites que vous pourriez parcourir selon votre groupe d\u2019\u00e2ge, votre genre et vos cat\u00e9gories d\u2019int\u00e9r\u00eat.<\/span><\/p>\n<p><span style=\"font-weight: 400;\">Vous pouvez mettre fin au contenu cibl\u00e9 g\u00e9n\u00e9r\u00e9 par les plateformes d\u2019analyse en modifiant les param\u00e8tres de votre compte\u00a0Google et en acc\u00e9dant aux pages de d\u00e9sabonnement tenues \u00e0 jour par des tiers comme la Network Advertising Initiative, l\u2019Alliance de la publicit\u00e9 num\u00e9rique du Canada ou la Digital Advertising Alliance.<\/span><\/p>\n<p><b>S\u00e9curit\u00e9<\/b><\/p>\n<p><span style=\"font-weight: 400;\">AIM prend des mesures raisonnables pour emp\u00eacher l\u2019acc\u00e8s aux renseignements ou encore leur collecte, leur utilisation, leur divulgation, leur copie, leur modification ou leur \u00e9limination sans autorisation d\u2019une mani\u00e8re proportionnelle \u00e0 leur sensibilit\u00e9, \u00e0 leur valeur et \u00e0 leur pertinence. Ces mesures concernent notamment la confidentialit\u00e9 et la s\u00e9curit\u00e9 des donn\u00e9es, notamment l\u2019utilisation d\u2019\u00e9quipement et de logiciels.\u00a0<\/span><\/p>\n<p><span style=\"font-weight: 400;\">AIM fait \u00e9galement appel \u00e0 des techniques de s\u00e9curit\u00e9 de l\u2019information g\u00e9n\u00e9ralement admises, comme des pare-feu et des proc\u00e9dures de contr\u00f4le d\u2019acc\u00e8s, et se conforme aux contr\u00f4les organisationnels (comme le principe de droit d\u2019acc\u00e8s minimal) et aux contr\u00f4les technologiques (comme les mots de passe), en plus de fournir \u00e0 ses employ\u00e9s des formations sur la cybers\u00e9curit\u00e9 afin de prot\u00e9ger les renseignements personnels contre la perte et l\u2019acc\u00e8s non autoris\u00e9.\u00a0<\/span><\/p>\n<p><span style=\"font-weight: 400;\">Bien qu\u2019AIM mette en place des mesures de pr\u00e9caution raisonnables pour prot\u00e9ger les renseignements personnels, elle ne peut garantir en tout temps leur s\u00e9curit\u00e9. Aucune m\u00e9thode de transmission ou de stockage des donn\u00e9es n\u2019est enti\u00e8rement s\u00e9curis\u00e9e, surtout en ce qui concerne les applications Internet.<\/span><\/p>\n<p><b>Consentements, corrections et mises \u00e0 jour<\/b><\/p>\n<p><span style=\"font-weight: 400;\">Si vous avez demand\u00e9 que votre nom soit ajout\u00e9 \u00e0 une liste de diffusion, mais que vous souhaitez maintenant qu\u2019on le retire, vous pouvez communiquer avec le service des communications d\u2019AIM par courriel \u00e0 l\u2019adresse <\/span><a href=\"mailto:marketing@kennyupull.com\"><span style=\"font-weight: 400;\">marketing@kennyupull.com<\/span><\/a><span style=\"font-weight: 400;\">. S\u2019il s\u2019agit d\u2019une liste de diffusion par courriel, vous pouvez cliquer sur \u00ab\u00a0Se d\u00e9sabonner\u00a0\u00bb au bas du courriel en question. Pour v\u00e9rifier ou corriger des renseignements personnels que vous nous avez d\u00e9j\u00e0 fournis ou demander leur suppression de nos dossiers, vous pouvez communiquer avec la personne responsable de la conformit\u00e9 en mati\u00e8re de renseignements personnels, M<\/span><span style=\"font-weight: 400;\">me<\/span><span style=\"font-weight: 400;\">\u00a0Luciana\u00a0Zannella, dont les coordonn\u00e9es sont indiqu\u00e9es ci-dessous.\u00a0<\/span><\/p>\n<p><span style=\"font-weight: 400;\">Vous pouvez \u00e9galement retirer votre consentement \u00e0 l\u2019utilisation ou \u00e0 la communication de vos renseignements personnels ou demander d\u2019acc\u00e9der aux renseignements personnels que nous d\u00e9tenons \u00e0 votre sujet en communiquant avec la personne responsable de la conformit\u00e9 en mati\u00e8re de renseignements personnels, M<\/span><span style=\"font-weight: 400;\">me<\/span><span style=\"font-weight: 400;\">\u00a0Luciana\u00a0Zannella. Pour modifier ou mettre \u00e0 jour des renseignements re\u00e7us par AIM, veuillez communiquer avec\u00a0:<\/span><\/p>\n<p><b>M<\/b><b>me<\/b><b>\u00a0Luciana\u00a0Zannella, vice-pr\u00e9sidente, Affaires juridiques<\/b><\/p>\n<p><span style=\"font-weight: 400;\">American Iron\u00a0&amp;\u00a0Metal Company Inc.<\/span><span style=\"font-weight: 400;\"><br \/>\n<\/span><span style=\"font-weight: 400;\">lzannella@aim-global.com<\/span><span style=\"font-weight: 400;\"><br \/>\n<\/span><span style=\"font-weight: 400;\">9100, boulevard Henri-Bourassa Est<\/span><span style=\"font-weight: 400;\"><br \/>\n<\/span><span style=\"font-weight: 400;\">Montr\u00e9al (Qu\u00e9bec)\u00a0 H1E\u00a02S4<\/span><span style=\"font-weight: 400;\"><br \/>\n<\/span><span style=\"font-weight: 400;\">Canada<\/span><\/p>\n<p><b>Modifications \u00e0 la politique<\/b><\/p>\n<p><span style=\"font-weight: 400;\">AIM se r\u00e9serve le droit de modifier la pr\u00e9sente politique, de m\u00eame que les proc\u00e9dures associ\u00e9es, \u00e0 tout moment, sans pr\u00e9avis. Les modifications apport\u00e9es seront publi\u00e9es sur le site Web et entreront en vigueur \u00e0 la date de leur publication. En utilisant le site Web apr\u00e8s de tels changements, vous acceptez de vous conformer aux modalit\u00e9s r\u00e9vis\u00e9es de la pr\u00e9sente politique. Pour cette raison, nous vous recommandons de prendre connaissance de la pr\u00e9sente politique chaque fois que vous utilisez le site Web, surtout si vous fournissez des renseignements personnels.<\/span><\/p>\n<p><b>Pour nous joindre<\/b><\/p>\n<p><span style=\"font-weight: 400;\">Pour toute question concernant la pr\u00e9sente politique ou nos pratiques concernant le site Web, ou encore sur la fa\u00e7on dont AIM traite vos renseignements personnels, vous pouvez communiquer avec nous par courriel \u00e0 l\u2019adresse <\/span><a href=\"mailto:marketing@kennyupull.com\"><span style=\"font-weight: 400;\">marketing@kennyupull.com<\/span><\/a><span style=\"font-weight: 400;\">. Assurez-vous de formuler votre question ou de d\u00e9crire votre pr\u00e9occupation de fa\u00e7on suffisamment d\u00e9taill\u00e9e.<\/span><\/p>\n\n    \n<\/div>                        \n        <\/div>\n    <\/div>\n    <\/div>\n    <\/div>\n<\/div>\n\n","protected":false},"excerpt":{"rendered":"","protected":false},"author":183,"featured_media":0,"parent":0,"menu_order":0,"comment_status":"closed","ping_status":"open","template":"","meta":{"_acf_changed":false,"inline_featured_image":false,"footnotes":""},"class_list":["post-41994","page","type-page","status-publish","hentry"],"acf":[],"yoast_head":"<!-- This site is optimized with the Yoast SEO plugin v26.3 - https:\/\/yoast.com\/wordpress\/plugins\/seo\/ -->\n<title>Politique de confidentialit\u00e9 - Kenny U-Pull<\/title>\n<meta name=\"robots\" content=\"index, follow, max-snippet:-1, max-image-preview:large, max-video-preview:-1\" \/>\n<link rel=\"canonical\" href=\"https:\/\/aimdev-kennyu-pull-wp-test.azurewebsites.net\/privacy-policy\/\" \/>\n<meta property=\"og:locale\" content=\"fr_FR\" \/>\n<meta property=\"og:type\" content=\"article\" \/>\n<meta property=\"og:title\" content=\"Politique de confidentialit\u00e9 - Kenny U-Pull\" \/>\n<meta property=\"og:url\" content=\"https:\/\/aimdev-kennyu-pull-wp-test.azurewebsites.net\/privacy-policy\/\" \/>\n<meta property=\"og:site_name\" content=\"Kenny U-Pull\" \/>\n<meta property=\"article:modified_time\" content=\"2022-02-24T14:49:23+00:00\" \/>\n<meta name=\"twitter:card\" content=\"summary_large_image\" \/>\n<script type=\"application\/ld+json\" class=\"yoast-schema-graph\">{\"@context\":\"https:\/\/schema.org\",\"@graph\":[{\"@type\":\"WebPage\",\"@id\":\"https:\/\/aimdev-kennyu-pull-wp-test.azurewebsites.net\/privacy-policy\/\",\"url\":\"https:\/\/aimdev-kennyu-pull-wp-test.azurewebsites.net\/privacy-policy\/\",\"name\":\"Politique de confidentialit\u00e9 - Kenny U-Pull\",\"isPartOf\":{\"@id\":\"https:\/\/aimtest-wp-service.aim-global.com\/#website\"},\"datePublished\":\"2022-02-02T15:35:39+00:00\",\"dateModified\":\"2022-02-24T14:49:23+00:00\",\"inLanguage\":\"fr-FR\",\"potentialAction\":[{\"@type\":\"ReadAction\",\"target\":[\"https:\/\/aimdev-kennyu-pull-wp-test.azurewebsites.net\/privacy-policy\/\"]}]},{\"@type\":\"WebSite\",\"@id\":\"https:\/\/aimtest-wp-service.aim-global.com\/#website\",\"url\":\"https:\/\/aimtest-wp-service.aim-global.com\/\",\"name\":\"Kenny U-Pull\",\"description\":\"Just another WordPress site\",\"potentialAction\":[{\"@type\":\"SearchAction\",\"target\":{\"@type\":\"EntryPoint\",\"urlTemplate\":\"https:\/\/aimtest-wp-service.aim-global.com\/?s={search_term_string}\"},\"query-input\":{\"@type\":\"PropertyValueSpecification\",\"valueRequired\":true,\"valueName\":\"search_term_string\"}}],\"inLanguage\":\"fr-FR\"}]}<\/script>\n<!-- \/ Yoast SEO plugin. -->","yoast_head_json":{"title":"Politique de confidentialit\u00e9 - Kenny U-Pull","robots":{"index":"index","follow":"follow","max-snippet":"max-snippet:-1","max-image-preview":"max-image-preview:large","max-video-preview":"max-video-preview:-1"},"canonical":"https:\/\/aimdev-kennyu-pull-wp-test.azurewebsites.net\/privacy-policy\/","og_locale":"fr_FR","og_type":"article","og_title":"Politique de confidentialit\u00e9 - Kenny U-Pull","og_url":"https:\/\/aimdev-kennyu-pull-wp-test.azurewebsites.net\/privacy-policy\/","og_site_name":"Kenny U-Pull","article_modified_time":"2022-02-24T14:49:23+00:00","twitter_card":"summary_large_image","schema":{"@context":"https:\/\/schema.org","@graph":[{"@type":"WebPage","@id":"https:\/\/aimdev-kennyu-pull-wp-test.azurewebsites.net\/privacy-policy\/","url":"https:\/\/aimdev-kennyu-pull-wp-test.azurewebsites.net\/privacy-policy\/","name":"Politique de confidentialit\u00e9 - Kenny U-Pull","isPartOf":{"@id":"https:\/\/aimtest-wp-service.aim-global.com\/#website"},"datePublished":"2022-02-02T15:35:39+00:00","dateModified":"2022-02-24T14:49:23+00:00","inLanguage":"fr-FR","potentialAction":[{"@type":"ReadAction","target":["https:\/\/aimdev-kennyu-pull-wp-test.azurewebsites.net\/privacy-policy\/"]}]},{"@type":"WebSite","@id":"https:\/\/aimtest-wp-service.aim-global.com\/#website","url":"https:\/\/aimtest-wp-service.aim-global.com\/","name":"Kenny U-Pull","description":"Just another WordPress site","potentialAction":[{"@type":"SearchAction","target":{"@type":"EntryPoint","urlTemplate":"https:\/\/aimtest-wp-service.aim-global.com\/?s={search_term_string}"},"query-input":{"@type":"PropertyValueSpecification","valueRequired":true,"valueName":"search_term_string"}}],"inLanguage":"fr-FR"}]}},"_links":{"self":[{"href":"https:\/\/aimtest-wp-service.aim-global.com\/fr\/wp-json\/wp\/v2\/pages\/41994","targetHints":{"allow":["GET"]}}],"collection":[{"href":"https:\/\/aimtest-wp-service.aim-global.com\/fr\/wp-json\/wp\/v2\/pages"}],"about":[{"href":"https:\/\/aimtest-wp-service.aim-global.com\/fr\/wp-json\/wp\/v2\/types\/page"}],"author":[{"embeddable":true,"href":"https:\/\/aimtest-wp-service.aim-global.com\/fr\/wp-json\/wp\/v2\/users\/183"}],"replies":[{"embeddable":true,"href":"https:\/\/aimtest-wp-service.aim-global.com\/fr\/wp-json\/wp\/v2\/comments?post=41994"}],"version-history":[{"count":0,"href":"https:\/\/aimtest-wp-service.aim-global.com\/fr\/wp-json\/wp\/v2\/pages\/41994\/revisions"}],"wp:attachment":[{"href":"https:\/\/aimtest-wp-service.aim-global.com\/fr\/wp-json\/wp\/v2\/media?parent=41994"}],"curies":[{"name":"wp","href":"https:\/\/api.w.org\/{rel}","templated":true}]}}