{"id":41935,"date":"2022-01-24T13:24:23","date_gmt":"2022-01-24T18:24:23","guid":{"rendered":"http:\/\/dev.kennyupull.com\/?page_id=41935"},"modified":"2022-03-14T15:06:09","modified_gmt":"2022-03-14T19:06:09","slug":"recyclage-automobile","status":"publish","type":"page","link":"https:\/\/aimtest-wp-service.aim-global.com\/fr\/centre-dinfos\/recyclage-automobile\/","title":{"rendered":"Notre processus de recyclage"},"content":{"rendered":"","protected":false},"excerpt":{"rendered":"","protected":false},"author":183,"featured_media":0,"parent":41918,"menu_order":0,"comment_status":"closed","ping_status":"closed","template":"views\/template-recycling-process.blade.php","meta":{"_acf_changed":false,"inline_featured_image":false,"footnotes":""},"class_list":["post-41935","page","type-page","status-publish","hentry"],"acf":[],"yoast_head":"<!-- This site is optimized with the Yoast SEO plugin v26.3 - https:\/\/yoast.com\/wordpress\/plugins\/seo\/ -->\n<title>Processus de recyclage automobile | Kenny U-Pull<\/title>\n<meta name=\"description\" content=\"Peu importe sa condition et son mod\u00e8le, on ach\u00e8te votre auto scrap : roule, roule pas, on l\u2019ach\u00e8te dans son \u00e9tat. D\u00e9couvrez notre processus de recyclage d\u2019auto!\" \/>\n<meta name=\"robots\" content=\"index, follow, max-snippet:-1, max-image-preview:large, max-video-preview:-1\" \/>\n<link rel=\"canonical\" href=\"https:\/\/aimdev-kennyu-pull-wp-test.azurewebsites.net\/knowledge-center\/our-recycling-process\/\" \/>\n<meta property=\"og:locale\" content=\"fr_FR\" \/>\n<meta property=\"og:type\" content=\"article\" \/>\n<meta property=\"og:title\" content=\"Processus de recyclage automobile | Kenny U-Pull\" \/>\n<meta property=\"og:description\" content=\"Peu importe sa condition et son mod\u00e8le, on ach\u00e8te votre auto scrap : roule, roule pas, on l\u2019ach\u00e8te dans son \u00e9tat. D\u00e9couvrez notre processus de recyclage d\u2019auto!\" \/>\n<meta property=\"og:url\" content=\"https:\/\/aimdev-kennyu-pull-wp-test.azurewebsites.net\/knowledge-center\/our-recycling-process\/\" \/>\n<meta property=\"og:site_name\" content=\"Kenny U-Pull\" \/>\n<meta property=\"article:modified_time\" content=\"2022-03-14T19:06:09+00:00\" \/>\n<meta name=\"twitter:card\" content=\"summary_large_image\" \/>\n<script type=\"application\/ld+json\" class=\"yoast-schema-graph\">{\"@context\":\"https:\/\/schema.org\",\"@graph\":[{\"@type\":\"WebPage\",\"@id\":\"https:\/\/aimdev-kennyu-pull-wp-test.azurewebsites.net\/knowledge-center\/our-recycling-process\/\",\"url\":\"https:\/\/aimdev-kennyu-pull-wp-test.azurewebsites.net\/knowledge-center\/our-recycling-process\/\",\"name\":\"Processus de recyclage automobile | Kenny U-Pull\",\"isPartOf\":{\"@id\":\"https:\/\/aimtest-wp-service.aim-global.com\/#website\"},\"datePublished\":\"2022-01-24T18:24:23+00:00\",\"dateModified\":\"2022-03-14T19:06:09+00:00\",\"description\":\"Peu importe sa condition et son mod\u00e8le, on ach\u00e8te votre auto scrap : roule, roule pas, on l\u2019ach\u00e8te dans son \u00e9tat. D\u00e9couvrez notre processus de recyclage d\u2019auto!\",\"breadcrumb\":{\"@id\":\"https:\/\/aimdev-kennyu-pull-wp-test.azurewebsites.net\/knowledge-center\/our-recycling-process\/#breadcrumb\"},\"inLanguage\":\"fr-FR\",\"potentialAction\":[{\"@type\":\"ReadAction\",\"target\":[\"https:\/\/aimdev-kennyu-pull-wp-test.azurewebsites.net\/knowledge-center\/our-recycling-process\/\"]}]},{\"@type\":\"BreadcrumbList\",\"@id\":\"https:\/\/aimdev-kennyu-pull-wp-test.azurewebsites.net\/knowledge-center\/our-recycling-process\/#breadcrumb\",\"itemListElement\":[{\"@type\":\"ListItem\",\"position\":1,\"name\":\"Centre d&#8217;infos\",\"item\":\"https:\/\/aimdev-kennyu-pull-wp-test.azurewebsites.net\/knowledge-center\/\"},{\"@type\":\"ListItem\",\"position\":2,\"name\":\"Notre processus de recyclage\"}]},{\"@type\":\"WebSite\",\"@id\":\"https:\/\/aimtest-wp-service.aim-global.com\/#website\",\"url\":\"https:\/\/aimtest-wp-service.aim-global.com\/\",\"name\":\"Kenny U-Pull\",\"description\":\"Just another WordPress site\",\"potentialAction\":[{\"@type\":\"SearchAction\",\"target\":{\"@type\":\"EntryPoint\",\"urlTemplate\":\"https:\/\/aimtest-wp-service.aim-global.com\/?s={search_term_string}\"},\"query-input\":{\"@type\":\"PropertyValueSpecification\",\"valueRequired\":true,\"valueName\":\"search_term_string\"}}],\"inLanguage\":\"fr-FR\"}]}<\/script>\n<!-- \/ Yoast SEO plugin. -->","yoast_head_json":{"title":"Processus de recyclage automobile | Kenny U-Pull","description":"Peu importe sa condition et son mod\u00e8le, on ach\u00e8te votre auto scrap : roule, roule pas, on l\u2019ach\u00e8te dans son \u00e9tat. D\u00e9couvrez notre processus de recyclage d\u2019auto!","robots":{"index":"index","follow":"follow","max-snippet":"max-snippet:-1","max-image-preview":"max-image-preview:large","max-video-preview":"max-video-preview:-1"},"canonical":"https:\/\/aimdev-kennyu-pull-wp-test.azurewebsites.net\/knowledge-center\/our-recycling-process\/","og_locale":"fr_FR","og_type":"article","og_title":"Processus de recyclage automobile | Kenny U-Pull","og_description":"Peu importe sa condition et son mod\u00e8le, on ach\u00e8te votre auto scrap : roule, roule pas, on l\u2019ach\u00e8te dans son \u00e9tat. D\u00e9couvrez notre processus de recyclage d\u2019auto!","og_url":"https:\/\/aimdev-kennyu-pull-wp-test.azurewebsites.net\/knowledge-center\/our-recycling-process\/","og_site_name":"Kenny U-Pull","article_modified_time":"2022-03-14T19:06:09+00:00","twitter_card":"summary_large_image","schema":{"@context":"https:\/\/schema.org","@graph":[{"@type":"WebPage","@id":"https:\/\/aimdev-kennyu-pull-wp-test.azurewebsites.net\/knowledge-center\/our-recycling-process\/","url":"https:\/\/aimdev-kennyu-pull-wp-test.azurewebsites.net\/knowledge-center\/our-recycling-process\/","name":"Processus de recyclage automobile | Kenny U-Pull","isPartOf":{"@id":"https:\/\/aimtest-wp-service.aim-global.com\/#website"},"datePublished":"2022-01-24T18:24:23+00:00","dateModified":"2022-03-14T19:06:09+00:00","description":"Peu importe sa condition et son mod\u00e8le, on ach\u00e8te votre auto scrap : roule, roule pas, on l\u2019ach\u00e8te dans son \u00e9tat. D\u00e9couvrez notre processus de recyclage d\u2019auto!","breadcrumb":{"@id":"https:\/\/aimdev-kennyu-pull-wp-test.azurewebsites.net\/knowledge-center\/our-recycling-process\/#breadcrumb"},"inLanguage":"fr-FR","potentialAction":[{"@type":"ReadAction","target":["https:\/\/aimdev-kennyu-pull-wp-test.azurewebsites.net\/knowledge-center\/our-recycling-process\/"]}]},{"@type":"BreadcrumbList","@id":"https:\/\/aimdev-kennyu-pull-wp-test.azurewebsites.net\/knowledge-center\/our-recycling-process\/#breadcrumb","itemListElement":[{"@type":"ListItem","position":1,"name":"Centre d&#8217;infos","item":"https:\/\/aimdev-kennyu-pull-wp-test.azurewebsites.net\/knowledge-center\/"},{"@type":"ListItem","position":2,"name":"Notre processus de recyclage"}]},{"@type":"WebSite","@id":"https:\/\/aimtest-wp-service.aim-global.com\/#website","url":"https:\/\/aimtest-wp-service.aim-global.com\/","name":"Kenny U-Pull","description":"Just another WordPress site","potentialAction":[{"@type":"SearchAction","target":{"@type":"EntryPoint","urlTemplate":"https:\/\/aimtest-wp-service.aim-global.com\/?s={search_term_string}"},"query-input":{"@type":"PropertyValueSpecification","valueRequired":true,"valueName":"search_term_string"}}],"inLanguage":"fr-FR"}]}},"_links":{"self":[{"href":"https:\/\/aimtest-wp-service.aim-global.com\/fr\/wp-json\/wp\/v2\/pages\/41935","targetHints":{"allow":["GET"]}}],"collection":[{"href":"https:\/\/aimtest-wp-service.aim-global.com\/fr\/wp-json\/wp\/v2\/pages"}],"about":[{"href":"https:\/\/aimtest-wp-service.aim-global.com\/fr\/wp-json\/wp\/v2\/types\/page"}],"author":[{"embeddable":true,"href":"https:\/\/aimtest-wp-service.aim-global.com\/fr\/wp-json\/wp\/v2\/users\/183"}],"replies":[{"embeddable":true,"href":"https:\/\/aimtest-wp-service.aim-global.com\/fr\/wp-json\/wp\/v2\/comments?post=41935"}],"version-history":[{"count":0,"href":"https:\/\/aimtest-wp-service.aim-global.com\/fr\/wp-json\/wp\/v2\/pages\/41935\/revisions"}],"up":[{"embeddable":true,"href":"https:\/\/aimtest-wp-service.aim-global.com\/fr\/wp-json\/wp\/v2\/pages\/41918"}],"wp:attachment":[{"href":"https:\/\/aimtest-wp-service.aim-global.com\/fr\/wp-json\/wp\/v2\/media?parent=41935"}],"curies":[{"name":"wp","href":"https:\/\/api.w.org\/{rel}","templated":true}]}}