{"id":41911,"date":"2022-01-24T11:08:26","date_gmt":"2022-01-24T16:08:26","guid":{"rendered":"http:\/\/dev.kennyupull.com\/?page_id=41911"},"modified":"2022-03-21T09:00:10","modified_gmt":"2022-03-21T13:00:10","slug":"alertez-moi","status":"publish","type":"page","link":"https:\/\/aimtest-wp-service.aim-global.com\/fr\/alertez-moi\/","title":{"rendered":"Alertez-moi"},"content":{"rendered":"","protected":false},"excerpt":{"rendered":"","protected":false},"author":183,"featured_media":0,"parent":0,"menu_order":0,"comment_status":"closed","ping_status":"closed","template":"views\/template-alert-me.blade.php","meta":{"_acf_changed":false,"inline_featured_image":false,"footnotes":""},"class_list":["post-41911","page","type-page","status-publish","hentry"],"acf":[],"yoast_head":"<!-- This site is optimized with the Yoast SEO plugin v26.3 - https:\/\/yoast.com\/wordpress\/plugins\/seo\/ -->\n<title>Syst\u00e8me d'alertes pour pi\u00e8ces d'auto usag\u00e9es | Kenny U-Pull<\/title>\n<meta name=\"description\" content=\"Vous cherchez une pi\u00e8ce d\u2019auto de remplacement? Inscrivez-vous \u00e0 notre syst\u00e8me d\u2019alertes et soyez averti d\u00e8s qu&#039;une auto usag\u00e9e similaire \u00e0 la v\u00f4tre arrive!\" \/>\n<meta name=\"robots\" content=\"index, follow, max-snippet:-1, max-image-preview:large, max-video-preview:-1\" \/>\n<link rel=\"canonical\" href=\"https:\/\/aimdev-kennyu-pull-wp-test.azurewebsites.net\/alert-me\/\" \/>\n<meta property=\"og:locale\" content=\"fr_FR\" \/>\n<meta property=\"og:type\" content=\"article\" \/>\n<meta property=\"og:title\" content=\"Syst\u00e8me d&#039;alertes pour pi\u00e8ces d&#039;auto usag\u00e9es | Kenny U-Pull\" \/>\n<meta property=\"og:description\" content=\"Vous cherchez une pi\u00e8ce d\u2019auto de remplacement? Inscrivez-vous \u00e0 notre syst\u00e8me d\u2019alertes et soyez averti d\u00e8s qu&#039;une auto usag\u00e9e similaire \u00e0 la v\u00f4tre arrive!\" \/>\n<meta property=\"og:url\" content=\"https:\/\/aimdev-kennyu-pull-wp-test.azurewebsites.net\/alert-me\/\" \/>\n<meta property=\"og:site_name\" content=\"Kenny U-Pull\" \/>\n<meta property=\"article:modified_time\" content=\"2022-03-21T13:00:10+00:00\" \/>\n<meta name=\"twitter:card\" content=\"summary_large_image\" \/>\n<script type=\"application\/ld+json\" class=\"yoast-schema-graph\">{\"@context\":\"https:\/\/schema.org\",\"@graph\":[{\"@type\":\"WebPage\",\"@id\":\"https:\/\/aimdev-kennyu-pull-wp-test.azurewebsites.net\/alert-me\/\",\"url\":\"https:\/\/aimdev-kennyu-pull-wp-test.azurewebsites.net\/alert-me\/\",\"name\":\"Syst\u00e8me d'alertes pour pi\u00e8ces d'auto usag\u00e9es | Kenny U-Pull\",\"isPartOf\":{\"@id\":\"https:\/\/aimtest-wp-service.aim-global.com\/#website\"},\"datePublished\":\"2022-01-24T16:08:26+00:00\",\"dateModified\":\"2022-03-21T13:00:10+00:00\",\"description\":\"Vous cherchez une pi\u00e8ce d\u2019auto de remplacement? Inscrivez-vous \u00e0 notre syst\u00e8me d\u2019alertes et soyez averti d\u00e8s qu'une auto usag\u00e9e similaire \u00e0 la v\u00f4tre arrive!\",\"inLanguage\":\"fr-FR\",\"potentialAction\":[{\"@type\":\"ReadAction\",\"target\":[\"https:\/\/aimdev-kennyu-pull-wp-test.azurewebsites.net\/alert-me\/\"]}]},{\"@type\":\"WebSite\",\"@id\":\"https:\/\/aimtest-wp-service.aim-global.com\/#website\",\"url\":\"https:\/\/aimtest-wp-service.aim-global.com\/\",\"name\":\"Kenny U-Pull\",\"description\":\"Just another WordPress site\",\"potentialAction\":[{\"@type\":\"SearchAction\",\"target\":{\"@type\":\"EntryPoint\",\"urlTemplate\":\"https:\/\/aimtest-wp-service.aim-global.com\/?s={search_term_string}\"},\"query-input\":{\"@type\":\"PropertyValueSpecification\",\"valueRequired\":true,\"valueName\":\"search_term_string\"}}],\"inLanguage\":\"fr-FR\"}]}<\/script>\n<!-- \/ Yoast SEO plugin. -->","yoast_head_json":{"title":"Syst\u00e8me d'alertes pour pi\u00e8ces d'auto usag\u00e9es | Kenny U-Pull","description":"Vous cherchez une pi\u00e8ce d\u2019auto de remplacement? Inscrivez-vous \u00e0 notre syst\u00e8me d\u2019alertes et soyez averti d\u00e8s qu'une auto usag\u00e9e similaire \u00e0 la v\u00f4tre arrive!","robots":{"index":"index","follow":"follow","max-snippet":"max-snippet:-1","max-image-preview":"max-image-preview:large","max-video-preview":"max-video-preview:-1"},"canonical":"https:\/\/aimdev-kennyu-pull-wp-test.azurewebsites.net\/alert-me\/","og_locale":"fr_FR","og_type":"article","og_title":"Syst\u00e8me d'alertes pour pi\u00e8ces d'auto usag\u00e9es | Kenny U-Pull","og_description":"Vous cherchez une pi\u00e8ce d\u2019auto de remplacement? Inscrivez-vous \u00e0 notre syst\u00e8me d\u2019alertes et soyez averti d\u00e8s qu'une auto usag\u00e9e similaire \u00e0 la v\u00f4tre arrive!","og_url":"https:\/\/aimdev-kennyu-pull-wp-test.azurewebsites.net\/alert-me\/","og_site_name":"Kenny U-Pull","article_modified_time":"2022-03-21T13:00:10+00:00","twitter_card":"summary_large_image","schema":{"@context":"https:\/\/schema.org","@graph":[{"@type":"WebPage","@id":"https:\/\/aimdev-kennyu-pull-wp-test.azurewebsites.net\/alert-me\/","url":"https:\/\/aimdev-kennyu-pull-wp-test.azurewebsites.net\/alert-me\/","name":"Syst\u00e8me d'alertes pour pi\u00e8ces d'auto usag\u00e9es | Kenny U-Pull","isPartOf":{"@id":"https:\/\/aimtest-wp-service.aim-global.com\/#website"},"datePublished":"2022-01-24T16:08:26+00:00","dateModified":"2022-03-21T13:00:10+00:00","description":"Vous cherchez une pi\u00e8ce d\u2019auto de remplacement? Inscrivez-vous \u00e0 notre syst\u00e8me d\u2019alertes et soyez averti d\u00e8s qu'une auto usag\u00e9e similaire \u00e0 la v\u00f4tre arrive!","inLanguage":"fr-FR","potentialAction":[{"@type":"ReadAction","target":["https:\/\/aimdev-kennyu-pull-wp-test.azurewebsites.net\/alert-me\/"]}]},{"@type":"WebSite","@id":"https:\/\/aimtest-wp-service.aim-global.com\/#website","url":"https:\/\/aimtest-wp-service.aim-global.com\/","name":"Kenny U-Pull","description":"Just another WordPress site","potentialAction":[{"@type":"SearchAction","target":{"@type":"EntryPoint","urlTemplate":"https:\/\/aimtest-wp-service.aim-global.com\/?s={search_term_string}"},"query-input":{"@type":"PropertyValueSpecification","valueRequired":true,"valueName":"search_term_string"}}],"inLanguage":"fr-FR"}]}},"_links":{"self":[{"href":"https:\/\/aimtest-wp-service.aim-global.com\/fr\/wp-json\/wp\/v2\/pages\/41911","targetHints":{"allow":["GET"]}}],"collection":[{"href":"https:\/\/aimtest-wp-service.aim-global.com\/fr\/wp-json\/wp\/v2\/pages"}],"about":[{"href":"https:\/\/aimtest-wp-service.aim-global.com\/fr\/wp-json\/wp\/v2\/types\/page"}],"author":[{"embeddable":true,"href":"https:\/\/aimtest-wp-service.aim-global.com\/fr\/wp-json\/wp\/v2\/users\/183"}],"replies":[{"embeddable":true,"href":"https:\/\/aimtest-wp-service.aim-global.com\/fr\/wp-json\/wp\/v2\/comments?post=41911"}],"version-history":[{"count":0,"href":"https:\/\/aimtest-wp-service.aim-global.com\/fr\/wp-json\/wp\/v2\/pages\/41911\/revisions"}],"wp:attachment":[{"href":"https:\/\/aimtest-wp-service.aim-global.com\/fr\/wp-json\/wp\/v2\/media?parent=41911"}],"curies":[{"name":"wp","href":"https:\/\/api.w.org\/{rel}","templated":true}]}}