{"id":41879,"date":"2022-01-24T09:45:06","date_gmt":"2022-01-24T14:45:06","guid":{"rendered":"http:\/\/dev.kennyupull.com\/?page_id=41879"},"modified":"2022-03-21T11:24:10","modified_gmt":"2022-03-21T15:24:10","slug":"inventaire-voitures-pieces-usagees","status":"publish","type":"page","link":"https:\/\/aimtest-wp-service.aim-global.com\/fr\/pieces-auto-usagee\/inventaire-voitures-pieces-usagees\/","title":{"rendered":"Notre inventaire de voitures"},"content":{"rendered":"","protected":false},"excerpt":{"rendered":"","protected":false},"author":183,"featured_media":0,"parent":41871,"menu_order":0,"comment_status":"closed","ping_status":"closed","template":"views\/template-facetwp-auto-parts.blade.php","meta":{"_acf_changed":false,"inline_featured_image":false,"footnotes":""},"class_list":["post-41879","page","type-page","status-publish","hentry"],"acf":[],"yoast_head":"<!-- This site is optimized with the Yoast SEO plugin v26.3 - https:\/\/yoast.com\/wordpress\/plugins\/seo\/ -->\n<title>Pi\u00e8ces d\u2019auto usag\u00e9es | Inventaire de v\u00e9hicules | Kenny U-Pull<\/title>\n<meta name=\"description\" content=\"Batterie, pneu, porte, moteur, alternateur et plus. Nous avons toutes les pi\u00e8ces en libre-service! D\u00e9couvrez nos prix r\u00e9duits avec plus de 17 000 voitures en inventaire.\" \/>\n<meta name=\"robots\" content=\"index, follow, max-snippet:-1, max-image-preview:large, max-video-preview:-1\" \/>\n<link rel=\"canonical\" href=\"https:\/\/aimdev-kennyu-pull-wp-test.azurewebsites.net\/auto-parts\/our-inventory\/\" \/>\n<meta property=\"og:locale\" content=\"fr_FR\" \/>\n<meta property=\"og:type\" content=\"article\" \/>\n<meta property=\"og:title\" content=\"Pi\u00e8ces d\u2019auto usag\u00e9es | Inventaire de v\u00e9hicules | Kenny U-Pull\" \/>\n<meta property=\"og:description\" content=\"Batterie, pneu, porte, moteur, alternateur et plus. Nous avons toutes les pi\u00e8ces en libre-service! D\u00e9couvrez nos prix r\u00e9duits avec plus de 17 000 voitures en inventaire.\" \/>\n<meta property=\"og:url\" content=\"https:\/\/aimdev-kennyu-pull-wp-test.azurewebsites.net\/auto-parts\/our-inventory\/\" \/>\n<meta property=\"og:site_name\" content=\"Kenny U-Pull\" \/>\n<meta property=\"article:modified_time\" content=\"2022-03-21T15:24:10+00:00\" \/>\n<meta name=\"twitter:card\" content=\"summary_large_image\" \/>\n<script type=\"application\/ld+json\" class=\"yoast-schema-graph\">{\"@context\":\"https:\/\/schema.org\",\"@graph\":[{\"@type\":\"WebPage\",\"@id\":\"https:\/\/aimdev-kennyu-pull-wp-test.azurewebsites.net\/auto-parts\/our-inventory\/\",\"url\":\"https:\/\/aimdev-kennyu-pull-wp-test.azurewebsites.net\/auto-parts\/our-inventory\/\",\"name\":\"Pi\u00e8ces d\u2019auto usag\u00e9es | Inventaire de v\u00e9hicules | Kenny U-Pull\",\"isPartOf\":{\"@id\":\"https:\/\/aimtest-wp-service.aim-global.com\/#website\"},\"datePublished\":\"2022-01-24T14:45:06+00:00\",\"dateModified\":\"2022-03-21T15:24:10+00:00\",\"description\":\"Batterie, pneu, porte, moteur, alternateur et plus. Nous avons toutes les pi\u00e8ces en libre-service! D\u00e9couvrez nos prix r\u00e9duits avec plus de 17 000 voitures en inventaire.\",\"breadcrumb\":{\"@id\":\"https:\/\/aimdev-kennyu-pull-wp-test.azurewebsites.net\/auto-parts\/our-inventory\/#breadcrumb\"},\"inLanguage\":\"fr-FR\",\"potentialAction\":[{\"@type\":\"ReadAction\",\"target\":[\"https:\/\/aimdev-kennyu-pull-wp-test.azurewebsites.net\/auto-parts\/our-inventory\/\"]}]},{\"@type\":\"BreadcrumbList\",\"@id\":\"https:\/\/aimdev-kennyu-pull-wp-test.azurewebsites.net\/auto-parts\/our-inventory\/#breadcrumb\",\"itemListElement\":[{\"@type\":\"ListItem\",\"position\":1,\"name\":\"Pi\u00e8ces d\u2019auto usag\u00e9es \u00e0 vendre\",\"item\":\"https:\/\/aimdev-kennyu-pull-wp-test.azurewebsites.net\/auto-parts\/\"},{\"@type\":\"ListItem\",\"position\":2,\"name\":\"Notre inventaire de voitures\"}]},{\"@type\":\"WebSite\",\"@id\":\"https:\/\/aimtest-wp-service.aim-global.com\/#website\",\"url\":\"https:\/\/aimtest-wp-service.aim-global.com\/\",\"name\":\"Kenny U-Pull\",\"description\":\"Just another WordPress site\",\"potentialAction\":[{\"@type\":\"SearchAction\",\"target\":{\"@type\":\"EntryPoint\",\"urlTemplate\":\"https:\/\/aimtest-wp-service.aim-global.com\/?s={search_term_string}\"},\"query-input\":{\"@type\":\"PropertyValueSpecification\",\"valueRequired\":true,\"valueName\":\"search_term_string\"}}],\"inLanguage\":\"fr-FR\"}]}<\/script>\n<!-- \/ Yoast SEO plugin. -->","yoast_head_json":{"title":"Pi\u00e8ces d\u2019auto usag\u00e9es | Inventaire de v\u00e9hicules | Kenny U-Pull","description":"Batterie, pneu, porte, moteur, alternateur et plus. Nous avons toutes les pi\u00e8ces en libre-service! D\u00e9couvrez nos prix r\u00e9duits avec plus de 17 000 voitures en inventaire.","robots":{"index":"index","follow":"follow","max-snippet":"max-snippet:-1","max-image-preview":"max-image-preview:large","max-video-preview":"max-video-preview:-1"},"canonical":"https:\/\/aimdev-kennyu-pull-wp-test.azurewebsites.net\/auto-parts\/our-inventory\/","og_locale":"fr_FR","og_type":"article","og_title":"Pi\u00e8ces d\u2019auto usag\u00e9es | Inventaire de v\u00e9hicules | Kenny U-Pull","og_description":"Batterie, pneu, porte, moteur, alternateur et plus. Nous avons toutes les pi\u00e8ces en libre-service! D\u00e9couvrez nos prix r\u00e9duits avec plus de 17 000 voitures en inventaire.","og_url":"https:\/\/aimdev-kennyu-pull-wp-test.azurewebsites.net\/auto-parts\/our-inventory\/","og_site_name":"Kenny U-Pull","article_modified_time":"2022-03-21T15:24:10+00:00","twitter_card":"summary_large_image","schema":{"@context":"https:\/\/schema.org","@graph":[{"@type":"WebPage","@id":"https:\/\/aimdev-kennyu-pull-wp-test.azurewebsites.net\/auto-parts\/our-inventory\/","url":"https:\/\/aimdev-kennyu-pull-wp-test.azurewebsites.net\/auto-parts\/our-inventory\/","name":"Pi\u00e8ces d\u2019auto usag\u00e9es | Inventaire de v\u00e9hicules | Kenny U-Pull","isPartOf":{"@id":"https:\/\/aimtest-wp-service.aim-global.com\/#website"},"datePublished":"2022-01-24T14:45:06+00:00","dateModified":"2022-03-21T15:24:10+00:00","description":"Batterie, pneu, porte, moteur, alternateur et plus. Nous avons toutes les pi\u00e8ces en libre-service! D\u00e9couvrez nos prix r\u00e9duits avec plus de 17 000 voitures en inventaire.","breadcrumb":{"@id":"https:\/\/aimdev-kennyu-pull-wp-test.azurewebsites.net\/auto-parts\/our-inventory\/#breadcrumb"},"inLanguage":"fr-FR","potentialAction":[{"@type":"ReadAction","target":["https:\/\/aimdev-kennyu-pull-wp-test.azurewebsites.net\/auto-parts\/our-inventory\/"]}]},{"@type":"BreadcrumbList","@id":"https:\/\/aimdev-kennyu-pull-wp-test.azurewebsites.net\/auto-parts\/our-inventory\/#breadcrumb","itemListElement":[{"@type":"ListItem","position":1,"name":"Pi\u00e8ces d\u2019auto usag\u00e9es \u00e0 vendre","item":"https:\/\/aimdev-kennyu-pull-wp-test.azurewebsites.net\/auto-parts\/"},{"@type":"ListItem","position":2,"name":"Notre inventaire de voitures"}]},{"@type":"WebSite","@id":"https:\/\/aimtest-wp-service.aim-global.com\/#website","url":"https:\/\/aimtest-wp-service.aim-global.com\/","name":"Kenny U-Pull","description":"Just another WordPress site","potentialAction":[{"@type":"SearchAction","target":{"@type":"EntryPoint","urlTemplate":"https:\/\/aimtest-wp-service.aim-global.com\/?s={search_term_string}"},"query-input":{"@type":"PropertyValueSpecification","valueRequired":true,"valueName":"search_term_string"}}],"inLanguage":"fr-FR"}]}},"_links":{"self":[{"href":"https:\/\/aimtest-wp-service.aim-global.com\/fr\/wp-json\/wp\/v2\/pages\/41879","targetHints":{"allow":["GET"]}}],"collection":[{"href":"https:\/\/aimtest-wp-service.aim-global.com\/fr\/wp-json\/wp\/v2\/pages"}],"about":[{"href":"https:\/\/aimtest-wp-service.aim-global.com\/fr\/wp-json\/wp\/v2\/types\/page"}],"author":[{"embeddable":true,"href":"https:\/\/aimtest-wp-service.aim-global.com\/fr\/wp-json\/wp\/v2\/users\/183"}],"replies":[{"embeddable":true,"href":"https:\/\/aimtest-wp-service.aim-global.com\/fr\/wp-json\/wp\/v2\/comments?post=41879"}],"version-history":[{"count":0,"href":"https:\/\/aimtest-wp-service.aim-global.com\/fr\/wp-json\/wp\/v2\/pages\/41879\/revisions"}],"up":[{"embeddable":true,"href":"https:\/\/aimtest-wp-service.aim-global.com\/fr\/wp-json\/wp\/v2\/pages\/41871"}],"wp:attachment":[{"href":"https:\/\/aimtest-wp-service.aim-global.com\/fr\/wp-json\/wp\/v2\/media?parent=41879"}],"curies":[{"name":"wp","href":"https:\/\/api.w.org\/{rel}","templated":true}]}}