{"id":41778,"date":"2021-12-08T10:08:19","date_gmt":"2021-12-08T15:08:19","guid":{"rendered":"https:\/\/dev.kennyupull.com\/contact-us\/"},"modified":"2022-03-21T11:54:35","modified_gmt":"2022-03-21T15:54:35","slug":"contactez-nous","status":"publish","type":"page","link":"https:\/\/aimtest-wp-service.aim-global.com\/fr\/contactez-nous\/","title":{"rendered":"Contactez-nous"},"content":{"rendered":"","protected":false},"excerpt":{"rendered":"","protected":false},"author":183,"featured_media":0,"parent":0,"menu_order":0,"comment_status":"closed","ping_status":"closed","template":"views\/template-contact.blade.php","meta":{"_acf_changed":false,"inline_featured_image":false,"footnotes":""},"class_list":["post-41778","page","type-page","status-publish","hentry"],"acf":[],"yoast_head":"<!-- This site is optimized with the Yoast SEO plugin v26.3 - https:\/\/yoast.com\/wordpress\/plugins\/seo\/ -->\n<title>Succursales Kenny U-Pull et service \u00e0 la client\u00e8le | Kenny U-Pull<\/title>\n<meta name=\"description\" content=\"Trouvez une succursale Kenny U-Pull pr\u00e8s de chez vous, parlez \u00e0 un de nos experts ou obtenez une soumission pour vendre votre auto rapidement.\" \/>\n<meta name=\"robots\" content=\"index, follow, max-snippet:-1, max-image-preview:large, max-video-preview:-1\" \/>\n<link rel=\"canonical\" href=\"https:\/\/aimdev-kennyu-pull-wp-test.azurewebsites.net\/contact-us\/\" \/>\n<meta property=\"og:locale\" content=\"fr_FR\" \/>\n<meta property=\"og:type\" content=\"article\" \/>\n<meta property=\"og:title\" content=\"Succursales Kenny U-Pull et service \u00e0 la client\u00e8le | Kenny U-Pull\" \/>\n<meta property=\"og:description\" content=\"Trouvez une succursale Kenny U-Pull pr\u00e8s de chez vous, parlez \u00e0 un de nos experts ou obtenez une soumission pour vendre votre auto rapidement.\" \/>\n<meta property=\"og:url\" content=\"https:\/\/aimdev-kennyu-pull-wp-test.azurewebsites.net\/contact-us\/\" \/>\n<meta property=\"og:site_name\" content=\"Kenny U-Pull\" \/>\n<meta property=\"article:modified_time\" content=\"2022-03-21T15:54:35+00:00\" \/>\n<meta name=\"twitter:card\" content=\"summary_large_image\" \/>\n<script type=\"application\/ld+json\" class=\"yoast-schema-graph\">{\"@context\":\"https:\/\/schema.org\",\"@graph\":[{\"@type\":\"WebPage\",\"@id\":\"https:\/\/aimdev-kennyu-pull-wp-test.azurewebsites.net\/contact-us\/\",\"url\":\"https:\/\/aimdev-kennyu-pull-wp-test.azurewebsites.net\/contact-us\/\",\"name\":\"Succursales Kenny U-Pull et service \u00e0 la client\u00e8le | Kenny U-Pull\",\"isPartOf\":{\"@id\":\"https:\/\/aimtest-wp-service.aim-global.com\/#website\"},\"datePublished\":\"2021-12-08T15:08:19+00:00\",\"dateModified\":\"2022-03-21T15:54:35+00:00\",\"description\":\"Trouvez une succursale Kenny U-Pull pr\u00e8s de chez vous, parlez \u00e0 un de nos experts ou obtenez une soumission pour vendre votre auto rapidement.\",\"inLanguage\":\"fr-FR\",\"potentialAction\":[{\"@type\":\"ReadAction\",\"target\":[\"https:\/\/aimdev-kennyu-pull-wp-test.azurewebsites.net\/contact-us\/\"]}]},{\"@type\":\"WebSite\",\"@id\":\"https:\/\/aimtest-wp-service.aim-global.com\/#website\",\"url\":\"https:\/\/aimtest-wp-service.aim-global.com\/\",\"name\":\"Kenny U-Pull\",\"description\":\"Just another WordPress site\",\"potentialAction\":[{\"@type\":\"SearchAction\",\"target\":{\"@type\":\"EntryPoint\",\"urlTemplate\":\"https:\/\/aimtest-wp-service.aim-global.com\/?s={search_term_string}\"},\"query-input\":{\"@type\":\"PropertyValueSpecification\",\"valueRequired\":true,\"valueName\":\"search_term_string\"}}],\"inLanguage\":\"fr-FR\"}]}<\/script>\n<!-- \/ Yoast SEO plugin. -->","yoast_head_json":{"title":"Succursales Kenny U-Pull et service \u00e0 la client\u00e8le | Kenny U-Pull","description":"Trouvez une succursale Kenny U-Pull pr\u00e8s de chez vous, parlez \u00e0 un de nos experts ou obtenez une soumission pour vendre votre auto rapidement.","robots":{"index":"index","follow":"follow","max-snippet":"max-snippet:-1","max-image-preview":"max-image-preview:large","max-video-preview":"max-video-preview:-1"},"canonical":"https:\/\/aimdev-kennyu-pull-wp-test.azurewebsites.net\/contact-us\/","og_locale":"fr_FR","og_type":"article","og_title":"Succursales Kenny U-Pull et service \u00e0 la client\u00e8le | Kenny U-Pull","og_description":"Trouvez une succursale Kenny U-Pull pr\u00e8s de chez vous, parlez \u00e0 un de nos experts ou obtenez une soumission pour vendre votre auto rapidement.","og_url":"https:\/\/aimdev-kennyu-pull-wp-test.azurewebsites.net\/contact-us\/","og_site_name":"Kenny U-Pull","article_modified_time":"2022-03-21T15:54:35+00:00","twitter_card":"summary_large_image","schema":{"@context":"https:\/\/schema.org","@graph":[{"@type":"WebPage","@id":"https:\/\/aimdev-kennyu-pull-wp-test.azurewebsites.net\/contact-us\/","url":"https:\/\/aimdev-kennyu-pull-wp-test.azurewebsites.net\/contact-us\/","name":"Succursales Kenny U-Pull et service \u00e0 la client\u00e8le | Kenny U-Pull","isPartOf":{"@id":"https:\/\/aimtest-wp-service.aim-global.com\/#website"},"datePublished":"2021-12-08T15:08:19+00:00","dateModified":"2022-03-21T15:54:35+00:00","description":"Trouvez une succursale Kenny U-Pull pr\u00e8s de chez vous, parlez \u00e0 un de nos experts ou obtenez une soumission pour vendre votre auto rapidement.","inLanguage":"fr-FR","potentialAction":[{"@type":"ReadAction","target":["https:\/\/aimdev-kennyu-pull-wp-test.azurewebsites.net\/contact-us\/"]}]},{"@type":"WebSite","@id":"https:\/\/aimtest-wp-service.aim-global.com\/#website","url":"https:\/\/aimtest-wp-service.aim-global.com\/","name":"Kenny U-Pull","description":"Just another WordPress site","potentialAction":[{"@type":"SearchAction","target":{"@type":"EntryPoint","urlTemplate":"https:\/\/aimtest-wp-service.aim-global.com\/?s={search_term_string}"},"query-input":{"@type":"PropertyValueSpecification","valueRequired":true,"valueName":"search_term_string"}}],"inLanguage":"fr-FR"}]}},"_links":{"self":[{"href":"https:\/\/aimtest-wp-service.aim-global.com\/fr\/wp-json\/wp\/v2\/pages\/41778","targetHints":{"allow":["GET"]}}],"collection":[{"href":"https:\/\/aimtest-wp-service.aim-global.com\/fr\/wp-json\/wp\/v2\/pages"}],"about":[{"href":"https:\/\/aimtest-wp-service.aim-global.com\/fr\/wp-json\/wp\/v2\/types\/page"}],"author":[{"embeddable":true,"href":"https:\/\/aimtest-wp-service.aim-global.com\/fr\/wp-json\/wp\/v2\/users\/183"}],"replies":[{"embeddable":true,"href":"https:\/\/aimtest-wp-service.aim-global.com\/fr\/wp-json\/wp\/v2\/comments?post=41778"}],"version-history":[{"count":0,"href":"https:\/\/aimtest-wp-service.aim-global.com\/fr\/wp-json\/wp\/v2\/pages\/41778\/revisions"}],"wp:attachment":[{"href":"https:\/\/aimtest-wp-service.aim-global.com\/fr\/wp-json\/wp\/v2\/media?parent=41778"}],"curies":[{"name":"wp","href":"https:\/\/api.w.org\/{rel}","templated":true}]}}